{"id":3,"date":"2025-12-05T15:35:14","date_gmt":"2025-12-05T15:35:14","guid":{"rendered":"https:\/\/fajasmoldeacolombia.com\/?page_id=3"},"modified":"2025-12-10T20:44:38","modified_gmt":"2025-12-10T20:44:38","slug":"privacy-policy","status":"publish","type":"page","link":"https:\/\/fajasmoldeacolombia.com\/en\/privacy-policy\/","title":{"rendered":"Pol\u00edtica de privacidad"},"content":{"rendered":"<h3 class=\"wp-block-heading\">1. DATA CONTROLLER<\/h3>\n\n\n\n<p><strong>FAJAS MOLDEA COLOMBIA<\/strong>, with its main address at C\u00facuta, Norte de Santander, Apartment 104, Tower 7, is responsible for processing the personal data provided by its users through the website.<\/p>\n\n\n\n<h3 class=\"wp-block-heading\">2. LEGAL FRAMEWORK<\/h3>\n\n\n\n<p>This policy is governed by the provisions of the Political Constitution of Colombia, <strong>Law 1581 of 2012<\/strong>, Regulatory Decree 1377 of 2013, and other complementary regulations on personal data protection.<\/p>\n\n\n\n<h3 class=\"wp-block-heading\">3. PURPOSE OF DATA COLLECTION<\/h3>\n\n\n\n<p>The personal data (name, ID number, address, telephone number, email address) requested during the purchase or registration process is used for the following purposes:<\/p>\n\n\n\n<ul class=\"wp-block-list\">\n<li>Process, validate, and ship orders placed in the store.<\/li>\n\n\n\n<li>Issue the corresponding electronic invoices in accordance with DIAN regulations.<\/li>\n\n\n\n<li>Contact the customer in case of any updates regarding the shipment or the product.<\/li>\n\n\n\n<li>Manage warranty or return procedures.<\/li>\n<\/ul>\n\n\n\n<h3 class=\"wp-block-heading\">4. RIGHTS OF THE DATA SUBJECT (Habeas Data)<\/h3>\n\n\n\n<p>Como titular de sus datos, usted tiene derecho a:<\/p>\n\n\n\n<ul class=\"wp-block-list\">\n<li>Know, update, and correct your personal data.<\/li>\n\n\n\n<li>Request proof of authorization granted for data processing.<\/li>\n\n\n\n<li>Be informed about how your data has been used.<\/li>\n\n\n\n<li>Revoke authorization and\/or request the deletion of data when constitutional and legal principles, rights, and guarantees are not respected.<\/li>\n<\/ul>\n\n\n\n<h3 class=\"wp-block-heading\">5. INFORMATION SECURITY AND PAYMENTS<\/h3>\n\n\n\n<p>THE COMPANY uses SSL security certificates to encrypt information on the website. <strong>IMPORTANT:<\/strong> We do NOT store sensitive credit or debit card data. Financial information is processed directly by the payment gateway <strong>PayPal<\/strong>, which has high-level PCI DSS certification to guarantee the security of your transactions.<\/p>\n\n\n\n<h3 class=\"wp-block-heading\">6. SERVICE CHANNELS<\/h3>\n\n\n\n<p>To exercise your Habeas Data rights, the owner may contact us via:<\/p>\n\n\n\n<ul class=\"wp-block-list\">\n<li><strong>Customer service line:<\/strong> <a href=\"http:\/\/wa.me\/573114928417\" data-type=\"link\" data-id=\"wa.me\/573114928417\">+57 311 4928417<\/a><\/li>\n<\/ul>\n\n\n\n<h3 class=\"wp-block-heading\">7. TERM<\/h3>\n\n\n\n<p>This policy shall take effect upon publication. FAJAS MOLDEA COLOMBIA reserves the right to modify it at any time to comply with legal changes or internal policies.<\/p>\n\n\n\n<p><\/p>","protected":false},"excerpt":{"rendered":"<p>1. RESPONSABLE DEL TRATAMIENTO FAJAS MOLDEA COLOMBIA, con domicilio principal en C\u00facuta, Norte de Santander Apto 104 torre 7 es la responsable del tratamiento de los datos personales suministrados por sus usuarios a trav\u00e9s del sitio web. 2. MARCO LEGAL La presente pol\u00edtica se rige por lo dispuesto en la Constituci\u00f3n Pol\u00edtica de Colombia, la [&hellip;]<\/p>\n","protected":false},"author":1,"featured_media":0,"parent":0,"menu_order":0,"comment_status":"closed","ping_status":"closed","template":"","meta":{"footnotes":""},"class_list":["post-3","page","type-page","status-publish","hentry"],"blocksy_meta":[],"_hostinger_reach_plugin_has_subscription_block":false,"_hostinger_reach_plugin_is_elementor":false,"_links":{"self":[{"href":"https:\/\/fajasmoldeacolombia.com\/en\/wp-json\/wp\/v2\/pages\/3","targetHints":{"allow":["GET"]}}],"collection":[{"href":"https:\/\/fajasmoldeacolombia.com\/en\/wp-json\/wp\/v2\/pages"}],"about":[{"href":"https:\/\/fajasmoldeacolombia.com\/en\/wp-json\/wp\/v2\/types\/page"}],"author":[{"embeddable":true,"href":"https:\/\/fajasmoldeacolombia.com\/en\/wp-json\/wp\/v2\/users\/1"}],"replies":[{"embeddable":true,"href":"https:\/\/fajasmoldeacolombia.com\/en\/wp-json\/wp\/v2\/comments?post=3"}],"version-history":[{"count":4,"href":"https:\/\/fajasmoldeacolombia.com\/en\/wp-json\/wp\/v2\/pages\/3\/revisions"}],"predecessor-version":[{"id":2247,"href":"https:\/\/fajasmoldeacolombia.com\/en\/wp-json\/wp\/v2\/pages\/3\/revisions\/2247"}],"wp:attachment":[{"href":"https:\/\/fajasmoldeacolombia.com\/en\/wp-json\/wp\/v2\/media?parent=3"}],"curies":[{"name":"wp","href":"https:\/\/api.w.org\/{rel}","templated":true}]}}